{"id":11949,"date":"2021-02-19T16:05:03","date_gmt":"2021-02-19T16:05:03","guid":{"rendered":"https:\/\/hotel-burkhard.de\/de\/?page_id=11949"},"modified":"2026-02-04T14:51:44","modified_gmt":"2026-02-04T14:51:44","slug":"ueber-uns","status":"publish","type":"page","link":"https:\/\/hotel-burkhard.de\/de\/ueber-uns\/","title":{"rendered":"\u00dcber uns"},"content":{"rendered":"\t\t<div data-elementor-type=\"wp-page\" data-elementor-id=\"11949\" class=\"elementor elementor-11949\" data-elementor-post-type=\"page\">\n\t\t\t\t\t\t<section class=\"elementor-section elementor-top-section elementor-element elementor-element-d07d768 elementor-section-boxed elementor-section-height-default elementor-section-height-default\" data-id=\"d07d768\" data-element_type=\"section\" data-e-type=\"section\">\n\t\t\t\t\t\t<div class=\"elementor-container elementor-column-gap-default\">\n\t\t\t\t\t<div class=\"elementor-column elementor-col-100 elementor-top-column elementor-element elementor-element-9c186d5\" data-id=\"9c186d5\" data-element_type=\"column\" data-e-type=\"column\">\n\t\t\t<div class=\"elementor-widget-wrap elementor-element-populated\">\n\t\t\t\t\t\t<div class=\"elementor-element elementor-element-066a9be elementor-invisible elementor-widget elementor-widget-heading\" data-id=\"066a9be\" data-element_type=\"widget\" data-e-type=\"widget\" data-settings=\"{&quot;_animation&quot;:&quot;fadeIn&quot;}\" data-widget_type=\"heading.default\">\n\t\t\t\t<div class=\"elementor-widget-container\">\n\t\t\t\t\t<h1 class=\"elementor-heading-title elementor-size-xxl\">\u00dcber uns <\/h1>\t\t\t\t<\/div>\n\t\t\t\t<\/div>\n\t\t\t\t\t<\/div>\n\t\t<\/div>\n\t\t\t\t\t<\/div>\n\t\t<\/section>\n\t\t\t\t<section class=\"elementor-section elementor-top-section elementor-element elementor-element-67f7d0e3 elementor-section-content-middle elementor-section-boxed elementor-section-height-default elementor-section-height-default\" data-id=\"67f7d0e3\" data-element_type=\"section\" data-e-type=\"section\" data-settings=\"{&quot;background_background&quot;:&quot;classic&quot;}\">\n\t\t\t\t\t\t<div class=\"elementor-container elementor-column-gap-default\">\n\t\t\t\t\t<div class=\"elementor-column elementor-col-50 elementor-top-column elementor-element elementor-element-6aa41a90 elementor-sm-100\" data-id=\"6aa41a90\" data-element_type=\"column\" data-e-type=\"column\" data-settings=\"{&quot;background_background&quot;:&quot;classic&quot;}\">\n\t\t\t<div class=\"elementor-widget-wrap elementor-element-populated\">\n\t\t\t\t\t\t<div class=\"elementor-element elementor-element-222b0ca elementor-hidden-desktop elementor-hidden-tablet elementor-widget elementor-widget-spacer\" data-id=\"222b0ca\" data-element_type=\"widget\" data-e-type=\"widget\" data-widget_type=\"spacer.default\">\n\t\t\t\t<div class=\"elementor-widget-container\">\n\t\t\t\t\t\t\t<div class=\"elementor-spacer\">\n\t\t\t<div class=\"elementor-spacer-inner\"><\/div>\n\t\t<\/div>\n\t\t\t\t\t\t<\/div>\n\t\t\t\t<\/div>\n\t\t\t\t\t<\/div>\n\t\t<\/div>\n\t\t\t\t<div class=\"elementor-column elementor-col-50 elementor-top-column elementor-element elementor-element-759a106d\" data-id=\"759a106d\" data-element_type=\"column\" data-e-type=\"column\">\n\t\t\t<div class=\"elementor-widget-wrap elementor-element-populated\">\n\t\t\t\t\t\t<div class=\"elementor-element elementor-element-41295f38 elementor-widget elementor-widget-heading\" data-id=\"41295f38\" data-element_type=\"widget\" data-e-type=\"widget\" data-widget_type=\"heading.default\">\n\t\t\t\t<div class=\"elementor-widget-container\">\n\t\t\t\t\t<h2 class=\"elementor-heading-title elementor-size-large\">Familie Burkhard<\/h2>\t\t\t\t<\/div>\n\t\t\t\t<\/div>\n\t\t\t\t<div class=\"elementor-element elementor-element-36610778 elementor-widget-divider--view-line elementor-widget elementor-widget-divider\" data-id=\"36610778\" data-element_type=\"widget\" data-e-type=\"widget\" data-widget_type=\"divider.default\">\n\t\t\t\t<div class=\"elementor-widget-container\">\n\t\t\t\t\t\t\t<div class=\"elementor-divider\">\n\t\t\t<span class=\"elementor-divider-separator\">\n\t\t\t\t\t\t<\/span>\n\t\t<\/div>\n\t\t\t\t\t\t<\/div>\n\t\t\t\t<\/div>\n\t\t\t\t<div class=\"elementor-element elementor-element-7b37231e elementor-widget elementor-widget-text-editor\" data-id=\"7b37231e\" data-element_type=\"widget\" data-e-type=\"widget\" data-widget_type=\"text-editor.default\">\n\t\t\t\t<div class=\"elementor-widget-container\">\n\t\t\t\t\t\t\t\t\t<p><span style=\"font-style: inherit; font-family: var( --e-global-typography-text-font-family ), Sans-serif;\">Im Herzen von Wernberg, direkt am Marktplatz gelegen steht der Landgasthof Burkhard. Unser Haus hat seit 1854 Familientradition. <\/span><\/p><p><span style=\"font-style: inherit; font-family: var( --e-global-typography-text-font-family ), Sans-serif;\">Bereits in 3. Generation f\u00fchrten seit 1991\u00a0<\/span><span style=\"font-size: 16px; font-style: normal;\">Heidi und Josef Burkhard<\/span><span style=\"font-size: 16px; font-style: normal;\">\u00a0zusammen\u00a0<\/span><span style=\"font-family: var( --e-global-typography-text-font-family ), Sans-serif;\">den Landgasthof. Beide machten aus dem einstigen Wirtshaus eine renommierte Anlaufstelle f\u00fcr alle, die gute K\u00fcche zu\u00a0<\/span>sch\u00e4tzen<span style=\"font-family: var( --e-global-typography-text-font-family ), Sans-serif;\">\u00a0wissen.<\/span><\/p><p><span style=\"font-style: inherit; font-family: var( --e-global-typography-text-font-family ), Sans-serif;\">Seit dem Tod Ihres Mannes im Jahr 2016 f\u00fchrt Heidi Burkhard den Landgasthof erfolgreich weiter. Dabei sind drei der vier T\u00f6chter im Familienunternehmen integriert.\u00a0<\/span><\/p><p>Sabine Braun-Burkhard f\u00fchrt derzeit in 4. Generation zusammen mit ihrem Mann Josef Braun und unter der Leitung von Heidi Burkhard den Landgasthof mit Leib und Seele.<\/p><p>In der K\u00fcche beherrschen die Schwiegers\u00f6hne Thomas Leyerer und Josef Braun ihr Gebiet in der traditionellen, aber auch franz\u00f6sischen K\u00fcche. Beide erlangten ihre Kenntnisse vor allem durch die hervorragende F\u00fchrung von Josef Burkhard. Josef Braun erweiterte seine Kenntnisse und Leidenschaft nochmals unter dem 2-Sterne Koch Hans Haas im Tantris M\u00fcnchen, bei dem er ein Jahr verbrachte.<\/p>\t\t\t\t\t\t\t\t<\/div>\n\t\t\t\t<\/div>\n\t\t\t\t\t<\/div>\n\t\t<\/div>\n\t\t\t\t\t<\/div>\n\t\t<\/section>\n\t\t\t\t<section class=\"elementor-section elementor-top-section elementor-element elementor-element-6c34d3c elementor-section-boxed elementor-section-height-default elementor-section-height-default\" data-id=\"6c34d3c\" data-element_type=\"section\" data-e-type=\"section\">\n\t\t\t\t\t\t<div class=\"elementor-container elementor-column-gap-default\">\n\t\t\t\t\t<div class=\"elementor-column elementor-col-100 elementor-top-column elementor-element elementor-element-581e790\" data-id=\"581e790\" data-element_type=\"column\" data-e-type=\"column\">\n\t\t\t<div class=\"elementor-widget-wrap\">\n\t\t\t\t\t\t\t<\/div>\n\t\t<\/div>\n\t\t\t\t\t<\/div>\n\t\t<\/section>\n\t\t\t\t<\/div>\n\t\t","protected":false},"excerpt":{"rendered":"<p>\u00dcber uns Familie Burkhard Im Herzen von Wernberg, direkt am Marktplatz gelegen steht der Landgasthof Burkhard. Unser Haus hat seit 1854 Familientradition. Bereits in 3. Generation f\u00fchrten seit 1991\u00a0Heidi und Josef Burkhard\u00a0zusammen\u00a0den Landgasthof. Beide machten aus dem einstigen Wirtshaus eine renommierte Anlaufstelle f\u00fcr alle, die gute K\u00fcche zu\u00a0sch\u00e4tzen\u00a0wissen. Seit dem Tod Ihres Mannes im Jahr [&hellip;]<\/p>\n","protected":false},"author":1,"featured_media":0,"parent":0,"menu_order":0,"comment_status":"closed","ping_status":"closed","template":"","meta":{"site-sidebar-layout":"no-sidebar","site-content-layout":"page-builder","ast-site-content-layout":"default","site-content-style":"default","site-sidebar-style":"default","ast-global-header-display":"","ast-banner-title-visibility":"","ast-main-header-display":"","ast-hfb-above-header-display":"","ast-hfb-below-header-display":"","ast-hfb-mobile-header-display":"","site-post-title":"disabled","ast-breadcrumbs-content":"","ast-featured-img":"disabled","footer-sml-layout":"","ast-disable-related-posts":"","theme-transparent-header-meta":"default","adv-header-id-meta":"","stick-header-meta":"","header-above-stick-meta":"","header-main-stick-meta":"","header-below-stick-meta":"","astra-migrate-meta-layouts":"default","ast-page-background-enabled":"default","ast-page-background-meta":{"desktop":{"background-color":"","background-image":"","background-repeat":"repeat","background-position":"center center","background-size":"auto","background-attachment":"scroll","background-type":"","background-media":"","overlay-type":"","overlay-color":"","overlay-opacity":"","overlay-gradient":""},"tablet":{"background-color":"","background-image":"","background-repeat":"repeat","background-position":"center center","background-size":"auto","background-attachment":"scroll","background-type":"","background-media":"","overlay-type":"","overlay-color":"","overlay-opacity":"","overlay-gradient":""},"mobile":{"background-color":"","background-image":"","background-repeat":"repeat","background-position":"center center","background-size":"auto","background-attachment":"scroll","background-type":"","background-media":"","overlay-type":"","overlay-color":"","overlay-opacity":"","overlay-gradient":""}},"ast-content-background-meta":{"desktop":{"background-color":"var(--ast-global-color-5)","background-image":"","background-repeat":"repeat","background-position":"center center","background-size":"auto","background-attachment":"scroll","background-type":"","background-media":"","overlay-type":"","overlay-color":"","overlay-opacity":"","overlay-gradient":""},"tablet":{"background-color":"var(--ast-global-color-5)","background-image":"","background-repeat":"repeat","background-position":"center center","background-size":"auto","background-attachment":"scroll","background-type":"","background-media":"","overlay-type":"","overlay-color":"","overlay-opacity":"","overlay-gradient":""},"mobile":{"background-color":"var(--ast-global-color-5)","background-image":"","background-repeat":"repeat","background-position":"center center","background-size":"auto","background-attachment":"scroll","background-type":"","background-media":"","overlay-type":"","overlay-color":"","overlay-opacity":"","overlay-gradient":""}},"footnotes":""},"class_list":["post-11949","page","type-page","status-publish","hentry"],"_links":{"self":[{"href":"https:\/\/hotel-burkhard.de\/de\/wp-json\/wp\/v2\/pages\/11949","targetHints":{"allow":["GET"]}}],"collection":[{"href":"https:\/\/hotel-burkhard.de\/de\/wp-json\/wp\/v2\/pages"}],"about":[{"href":"https:\/\/hotel-burkhard.de\/de\/wp-json\/wp\/v2\/types\/page"}],"author":[{"embeddable":true,"href":"https:\/\/hotel-burkhard.de\/de\/wp-json\/wp\/v2\/users\/1"}],"replies":[{"embeddable":true,"href":"https:\/\/hotel-burkhard.de\/de\/wp-json\/wp\/v2\/comments?post=11949"}],"version-history":[{"count":32,"href":"https:\/\/hotel-burkhard.de\/de\/wp-json\/wp\/v2\/pages\/11949\/revisions"}],"predecessor-version":[{"id":30782,"href":"https:\/\/hotel-burkhard.de\/de\/wp-json\/wp\/v2\/pages\/11949\/revisions\/30782"}],"wp:attachment":[{"href":"https:\/\/hotel-burkhard.de\/de\/wp-json\/wp\/v2\/media?parent=11949"}],"curies":[{"name":"wp","href":"https:\/\/api.w.org\/{rel}","templated":true}]}}